{"id":1375,"date":"2025-10-14T17:01:00","date_gmt":"2025-10-14T20:01:00","guid":{"rendered":"https:\/\/powertecprovider.com.br\/?post_type=product&#038;p=1375"},"modified":"2026-01-16T11:38:22","modified_gmt":"2026-01-16T14:38:22","slug":"kit-corrida-powertec","status":"publish","type":"product","link":"https:\/\/powertecprovider.com.br\/index.php\/product\/kit-corrida-powertec\/","title":{"rendered":"KIT CORRIDA POWERTEC"},"content":{"rendered":"<p data-start=\"176\" data-end=\"315\">Viva a energia da Powertec dentro e fora das pistas!<br data-start=\"228\" data-end=\"231\" \/>Nosso kit exclusivo foi pensado para quem corre com garra, estilo e muita conex\u00e3o.<\/p>\n<p data-start=\"317\" data-end=\"336\"><strong data-start=\"317\" data-end=\"334\">O Kit inclui:<\/strong><\/p>\n<ul data-start=\"337\" data-end=\"461\">\n<li data-start=\"337\" data-end=\"369\">\n<p data-start=\"339\" data-end=\"369\">Camisa oficial da corrida<\/p>\n<\/li>\n<li data-start=\"370\" data-end=\"399\">\n<p data-start=\"372\" data-end=\"399\">\u00a0Medalha personalizada<\/p>\n<\/li>\n<li data-start=\"400\" data-end=\"429\">\n<p data-start=\"402\" data-end=\"429\">N\u00famero de participa\u00e7\u00e3o<\/p>\n<\/li>\n<li data-start=\"430\" data-end=\"461\">\n<p data-start=\"432\" data-end=\"461\">Bolsa exclusiva Powertec<\/p>\n<\/li>\n<\/ul>\n<p data-start=\"463\" data-end=\"564\">Garanta j\u00e1 o seu e venha fazer parte dessa experi\u00eancia que une <strong data-start=\"526\" data-end=\"562\">esporte, tecnologia e supera\u00e7\u00e3o!<\/strong><\/p>\n","protected":false},"excerpt":{"rendered":"<p>Viva a energia da Powertec dentro e fora das pistas!Nosso kit exclusivo foi pensado para quem corre com garra, estilo e muita conex\u00e3o. O Kit inclui: Camisa oficial da corrida \u00a0Medalha personalizada N\u00famero de participa\u00e7\u00e3o Bolsa exclusiva Powertec Garanta j\u00e1 o seu e venha fazer parte dessa experi\u00eancia que une esporte, tecnologia e supera\u00e7\u00e3o!<\/p>\n","protected":false},"featured_media":1386,"template":"","meta":{"_joinchat":[]},"product_brand":[],"product_cat":[21],"product_tag":[],"class_list":{"0":"post-1375","1":"product","2":"type-product","3":"status-publish","4":"has-post-thumbnail","6":"product_cat-powertec-run","8":"first","9":"instock","10":"shipping-taxable","11":"purchasable","12":"product-type-variable"},"_links":{"self":[{"href":"https:\/\/powertecprovider.com.br\/index.php\/wp-json\/wp\/v2\/product\/1375","targetHints":{"allow":["GET"]}}],"collection":[{"href":"https:\/\/powertecprovider.com.br\/index.php\/wp-json\/wp\/v2\/product"}],"about":[{"href":"https:\/\/powertecprovider.com.br\/index.php\/wp-json\/wp\/v2\/types\/product"}],"wp:featuredmedia":[{"embeddable":true,"href":"https:\/\/powertecprovider.com.br\/index.php\/wp-json\/wp\/v2\/media\/1386"}],"wp:attachment":[{"href":"https:\/\/powertecprovider.com.br\/index.php\/wp-json\/wp\/v2\/media?parent=1375"}],"wp:term":[{"taxonomy":"product_brand","embeddable":true,"href":"https:\/\/powertecprovider.com.br\/index.php\/wp-json\/wp\/v2\/product_brand?post=1375"},{"taxonomy":"product_cat","embeddable":true,"href":"https:\/\/powertecprovider.com.br\/index.php\/wp-json\/wp\/v2\/product_cat?post=1375"},{"taxonomy":"product_tag","embeddable":true,"href":"https:\/\/powertecprovider.com.br\/index.php\/wp-json\/wp\/v2\/product_tag?post=1375"}],"curies":[{"name":"wp","href":"https:\/\/api.w.org\/{rel}","templated":true}]}}